{"id":4999,"date":"2023-09-28T14:45:50","date_gmt":"2023-09-28T12:45:50","guid":{"rendered":"https:\/\/www.sustainablegastronomysummit.com\/?page_id=4999"},"modified":"2023-09-28T15:13:15","modified_gmt":"2023-09-28T13:13:15","slug":"cooking-sustainably","status":"publish","type":"page","link":"https:\/\/www.sustainablegastronomysummit.com\/en\/cooking-sustainably\/","title":{"rendered":"Cooking Sustainably"},"content":{"rendered":"\t\t<div data-elementor-type=\"wp-page\" data-elementor-id=\"4999\" class=\"elementor elementor-4999 elementor-4998\" data-elementor-post-type=\"page\">\n\t\t\t\t\t\t<section class=\"elementor-section elementor-top-section elementor-element elementor-element-3447f83 elementor-section-height-min-height elementor-section-boxed elementor-section-height-default elementor-section-items-middle\" data-id=\"3447f83\" data-element_type=\"section\" data-settings=\"{&quot;background_background&quot;:&quot;classic&quot;}\">\n\t\t\t\t\t\t\t<div class=\"elementor-background-overlay\"><\/div>\n\t\t\t\t\t\t\t<div class=\"elementor-container elementor-column-gap-default\">\n\t\t\t\t\t<div class=\"elementor-column elementor-col-100 elementor-top-column elementor-element elementor-element-b3a35f8\" data-id=\"b3a35f8\" data-element_type=\"column\">\n\t\t\t<div class=\"elementor-widget-wrap elementor-element-populated\">\n\t\t\t\t\t\t<div class=\"elementor-element elementor-element-32eb271 elementor-widget elementor-widget-heading\" data-id=\"32eb271\" data-element_type=\"widget\" data-widget_type=\"heading.default\">\n\t\t\t\t<div class=\"elementor-widget-container\">\n\t\t\t\t\t<h1 class=\"elementor-heading-title elementor-size-default\">Cooking Sustainably<\/h1>\t\t\t\t<\/div>\n\t\t\t\t<\/div>\n\t\t\t\t\t<\/div>\n\t\t<\/div>\n\t\t\t\t\t<\/div>\n\t\t<\/section>\n\t\t\t\t<section class=\"elementor-section elementor-top-section elementor-element elementor-element-2ead875 elementor-section-boxed elementor-section-height-default elementor-section-height-default\" data-id=\"2ead875\" data-element_type=\"section\">\n\t\t\t\t\t\t<div class=\"elementor-container elementor-column-gap-default\">\n\t\t\t\t\t<div class=\"elementor-column elementor-col-100 elementor-top-column elementor-element elementor-element-7157e8c\" data-id=\"7157e8c\" data-element_type=\"column\">\n\t\t\t<div class=\"elementor-widget-wrap elementor-element-populated\">\n\t\t\t\t\t\t<div class=\"elementor-element elementor-element-32d1620 elementor-widget elementor-widget-heading\" data-id=\"32d1620\" data-element_type=\"widget\" data-widget_type=\"heading.default\">\n\t\t\t\t<div class=\"elementor-widget-container\">\n\t\t\t\t\t<h3 class=\"elementor-heading-title elementor-size-default\">From seaweed farming to foraging wild plants and exploring new varieties of deep-sea fish to relieve pressure on overexploited species, this discussion shed light on how our choices as consumers can impact the future of food. <\/h3>\t\t\t\t<\/div>\n\t\t\t\t<\/div>\n\t\t\t\t\t<\/div>\n\t\t<\/div>\n\t\t\t\t\t<\/div>\n\t\t<\/section>\n\t\t\t\t<section class=\"elementor-section elementor-top-section elementor-element elementor-element-d5f855d elementor-section-boxed elementor-section-height-default elementor-section-height-default\" data-id=\"d5f855d\" data-element_type=\"section\">\n\t\t\t\t\t\t<div class=\"elementor-container elementor-column-gap-default\">\n\t\t\t\t\t<div class=\"elementor-column elementor-col-100 elementor-top-column elementor-element elementor-element-ab4e270\" data-id=\"ab4e270\" data-element_type=\"column\">\n\t\t\t<div class=\"elementor-widget-wrap elementor-element-populated\">\n\t\t\t\t\t\t<div class=\"elementor-element elementor-element-f9ee43a elementor-widget elementor-widget-text-editor\" data-id=\"f9ee43a\" data-element_type=\"widget\" data-widget_type=\"text-editor.default\">\n\t\t\t\t<div class=\"elementor-widget-container\">\n\t\t\t\t\t\t\t\t\t<p><em>\u201cHaute Gastronomy is only the tip of the iceberg,\u201d<\/em> began Alain Ducasse, <em>\u201cmillions of people eat out and for them to eat well, we need to change the way we offer them food. As chefs, we are responsible for movements in consumption, and it is up to us to use our influence to change it.\u201d<\/em> He added that <em>\u201cseaweed is one of the keys to eating better.\u201d\u00a0 <\/em><\/p><p>\u00a0<\/p><p>Indeed, the virtues of edible seaweed are abundant, as Mauro Colagreco pointed out, <em>\u201cseaweeds are C<sub>4<\/sub> plants, which capture more CO<sub>2<\/sub>. They have a great impact on the planet, along with the Amazon, they are the lungs of the Earth.\u201d <\/em>Indeed, seaweed is responsible for producing half of the oxygen we breathe.<\/p><p>\u00a0<\/p><p>As an added bonus, seaweed can regenerate more quickly than terrestrial crops, as explained by seaweed harvester, Jean-Marie P\u00e9dron, who shared:<strong> <em>\u201c<\/em><\/strong><em>In a harvest season, I can sustainably gather the same biomass three times because it regenerates so quickly.\u201d <\/em>Nevertheless, he does so responsibly, as he only collects 1\/3 of the bunch, leaving one third for fish to eat and 1\/3 so the plant can grow back, keeping it circular. Furthermore, he pointed out that seaweed is grown without fertilizer, herbicide or pesticide. Nevertheless, despite France\u2019s 5,500km of coast, only 5% of the nation\u2019s seaweed is eaten. <em>\u201cThe Japanese are envious of our potential to grow seaweed along the Atlantic,\u201d<\/em> he said happily. P\u00e9dron also reminded the audience that in the 1950s, seaweed foraging was a common practice in France, but this culture has been lost.<\/p><p>\u00a0<\/p><p>Wild plant forager in \u00c9couch\u00e9-les-Vall\u00e9es, Pierre-\u00c9douard Robine \u2013 also an environmentalist and ornithologist \u2013 only collects wild plants, which he supplies to fine restaurants. He likens his approach to haute couture, where new local ingredients with completely new flavors and attributes enliven a recipe. <em>\u201cGastronomy can evolve within a micro-region. Rather than brining exotic products from abroad, you can find extraordinary wild plants at home. Each person should be able to access this type of food,\u201d<\/em> he explained.<\/p><p>\u00a0<\/p><p>Both Ducasse and Colagreco echoed the importance of keeping consumption local. <em>\u201cIn my restaurants, we use what we have locally. It is a movement that won\u2019t stop,\u201d <\/em>stated Ducasse.<\/p><p>At Mirazur in Menton, Colagreco has a 3-hectare garden that dictates the rhythm of the kitchen. <em>\u201cWhile not everyone can grow their own produce, anyone can opt to work with quality artisan suppliers. We shape the world we live in by how we choose to eat,\u201d <\/em>he said. Mirazur also happens to be the first restaurant to be plastic-free, a feat which took years to achieve.<\/p><p>\u00a0<\/p><p>Closing the topic of responsible sourcing, Ducasse brough the discussion back to future generations: <em>\u201cWe have 2,000 students in the world learning the art of French cuisine: to cook, source responsibly, reduce waste and respect the environment. Engaging these chefs of tomorrow is one of the ways we accelerate the movement.\u201d<\/em><\/p>\t\t\t\t\t\t\t\t<\/div>\n\t\t\t\t<\/div>\n\t\t\t\t\t<\/div>\n\t\t<\/div>\n\t\t\t\t\t<\/div>\n\t\t<\/section>\n\t\t\t\t<section class=\"elementor-section elementor-top-section elementor-element elementor-element-460970c elementor-section-boxed elementor-section-height-default elementor-section-height-default\" data-id=\"460970c\" data-element_type=\"section\">\n\t\t\t\t\t\t<div class=\"elementor-container elementor-column-gap-wide\">\n\t\t\t\t\t<div class=\"elementor-column elementor-col-50 elementor-top-column elementor-element elementor-element-21f68a6\" data-id=\"21f68a6\" data-element_type=\"column\">\n\t\t\t<div class=\"elementor-widget-wrap elementor-element-populated\">\n\t\t\t\t\t\t<div class=\"elementor-element elementor-element-670e6d2 elementor-widget elementor-widget-image\" data-id=\"670e6d2\" data-element_type=\"widget\" data-widget_type=\"image.default\">\n\t\t\t\t<div class=\"elementor-widget-container\">\n\t\t\t\t\t\t\t\t\t\t\t\t\t\t\t<img fetchpriority=\"high\" decoding=\"async\" width=\"1024\" height=\"1002\" src=\"https:\/\/www.sustainablegastronomysummit.com\/wp-content\/uploads\/2023\/07\/DALL\u00b7E-2023-05-15-15.03.00-A-still-life-colorful-that-include-lots-of-Mediterranean-fruits-vegetables-seafood-glass-and-bottle-of-wine-with-a-contemporary-touch-in-the-spirit-of.png\" class=\"attachment-large size-large wp-image-3650\" alt=\"\" srcset=\"https:\/\/www.sustainablegastronomysummit.com\/wp-content\/uploads\/2023\/07\/DALL\u00b7E-2023-05-15-15.03.00-A-still-life-colorful-that-include-lots-of-Mediterranean-fruits-vegetables-seafood-glass-and-bottle-of-wine-with-a-contemporary-touch-in-the-spirit-of.png 1024w, https:\/\/www.sustainablegastronomysummit.com\/wp-content\/uploads\/2023\/07\/DALL\u00b7E-2023-05-15-15.03.00-A-still-life-colorful-that-include-lots-of-Mediterranean-fruits-vegetables-seafood-glass-and-bottle-of-wine-with-a-contemporary-touch-in-the-spirit-of-300x294.png 300w, https:\/\/www.sustainablegastronomysummit.com\/wp-content\/uploads\/2023\/07\/DALL\u00b7E-2023-05-15-15.03.00-A-still-life-colorful-that-include-lots-of-Mediterranean-fruits-vegetables-seafood-glass-and-bottle-of-wine-with-a-contemporary-touch-in-the-spirit-of-768x752.png 768w\" sizes=\"(max-width: 1024px) 100vw, 1024px\" \/>\t\t\t\t\t\t\t\t\t\t\t\t\t\t\t<\/div>\n\t\t\t\t<\/div>\n\t\t\t\t\t<\/div>\n\t\t<\/div>\n\t\t\t\t<div class=\"elementor-column elementor-col-50 elementor-top-column elementor-element elementor-element-bc42c60\" data-id=\"bc42c60\" data-element_type=\"column\">\n\t\t\t<div class=\"elementor-widget-wrap elementor-element-populated\">\n\t\t\t\t\t\t<div class=\"elementor-element elementor-element-0073403 elementor-widget elementor-widget-heading\" data-id=\"0073403\" data-element_type=\"widget\" data-widget_type=\"heading.default\">\n\t\t\t\t<div class=\"elementor-widget-container\">\n\t\t\t\t\t<h2 class=\"elementor-heading-title elementor-size-default\">HIGHLIGHTS<\/h2>\t\t\t\t<\/div>\n\t\t\t\t<\/div>\n\t\t\t\t<div class=\"elementor-element elementor-element-60241e2 elementor-widget elementor-widget-text-editor\" data-id=\"60241e2\" data-element_type=\"widget\" data-widget_type=\"text-editor.default\">\n\t\t\t\t<div class=\"elementor-widget-container\">\n\t\t\t\t\t\t\t\t\t<ul><li>Chefs have the power to make sustainable gastronomy a reality.<\/li><li>Seaweed is an underutilized resource that benefits the environment and can be cultivated sustainably.<\/li><li>Foraging wild plants is a sustainable alternative to import and allows for the discovery of myriad flavorful options.<\/li><\/ul>\t\t\t\t\t\t\t\t<\/div>\n\t\t\t\t<\/div>\n\t\t\t\t\t<\/div>\n\t\t<\/div>\n\t\t\t\t\t<\/div>\n\t\t<\/section>\n\t\t\t\t<section class=\"elementor-section elementor-top-section elementor-element elementor-element-a0d74a5 elementor-section-content-middle elementor-section-boxed elementor-section-height-default elementor-section-height-default\" data-id=\"a0d74a5\" data-element_type=\"section\" data-settings=\"{&quot;background_background&quot;:&quot;classic&quot;}\">\n\t\t\t\t\t\t\t<div class=\"elementor-background-overlay\"><\/div>\n\t\t\t\t\t\t\t<div class=\"elementor-container elementor-column-gap-default\">\n\t\t\t\t\t<div class=\"elementor-column elementor-col-100 elementor-top-column elementor-element elementor-element-c7ccd75\" data-id=\"c7ccd75\" data-element_type=\"column\">\n\t\t\t<div class=\"elementor-widget-wrap elementor-element-populated\">\n\t\t\t\t\t\t<div class=\"elementor-element elementor-element-4505964 elementor-widget elementor-widget-heading\" data-id=\"4505964\" data-element_type=\"widget\" data-widget_type=\"heading.default\">\n\t\t\t\t<div class=\"elementor-widget-container\">\n\t\t\t\t\t<h2 class=\"elementor-heading-title elementor-size-default\">Contact us<\/h2>\t\t\t\t<\/div>\n\t\t\t\t<\/div>\n\t\t\t\t<div class=\"elementor-element elementor-element-2065854 elementor-widget elementor-widget-text-editor\" data-id=\"2065854\" data-element_type=\"widget\" data-widget_type=\"text-editor.default\">\n\t\t\t\t<div class=\"elementor-widget-container\">\n\t\t\t\t\t\t\t\t\t<p>Do you have any questions? We are here to help you.<\/p>\n\t\t\t\t\t\t\t\t<\/div>\n\t\t\t\t<\/div>\n\t\t\t\t<div class=\"elementor-element elementor-element-2acb029 elementor-align-center elementor-widget elementor-widget-button\" data-id=\"2acb029\" data-element_type=\"widget\" data-widget_type=\"button.default\">\n\t\t\t\t<div class=\"elementor-widget-container\">\n\t\t\t\t\t\t\t\t\t<div class=\"elementor-button-wrapper\">\n\t\t\t\t\t<a class=\"elementor-button elementor-button-link elementor-size-sm\" href=\"https:\/\/www.sustainablegastronomysummit.com\/contact\/\">\n\t\t\t\t\t\t<span class=\"elementor-button-content-wrapper\">\n\t\t\t\t\t\t\t\t\t<span class=\"elementor-button-text\">Click here<\/span>\n\t\t\t\t\t<\/span>\n\t\t\t\t\t<\/a>\n\t\t\t\t<\/div>\n\t\t\t\t\t\t\t\t<\/div>\n\t\t\t\t<\/div>\n\t\t\t\t\t<\/div>\n\t\t<\/div>\n\t\t\t\t\t<\/div>\n\t\t<\/section>\n\t\t\t\t<\/div>\n\t\t","protected":false},"excerpt":{"rendered":"<p>Cooking Sustainably From seaweed farming to foraging wild plants and exploring new varieties of deep-sea fish to relieve pressure on overexploited species, this discussion shed light on how our choices as consumers can impact the future of food. \u201cHaute Gastronomy is only the tip of the iceberg,\u201d began Alain Ducasse, \u201cmillions of people eat out [&hellip;]<\/p>\n","protected":false},"author":1,"featured_media":0,"parent":0,"menu_order":0,"comment_status":"closed","ping_status":"closed","template":"","meta":{"_uag_custom_page_level_css":"","site-sidebar-layout":"no-sidebar","site-content-layout":"page-builder","ast-site-content-layout":"default","site-content-style":"default","site-sidebar-style":"default","ast-global-header-display":"","ast-banner-title-visibility":"","ast-main-header-display":"","ast-hfb-above-header-display":"","ast-hfb-below-header-display":"","ast-hfb-mobile-header-display":"","site-post-title":"disabled","ast-breadcrumbs-content":"","ast-featured-img":"disabled","footer-sml-layout":"","ast-disable-related-posts":"","theme-transparent-header-meta":"enabled","adv-header-id-meta":"","stick-header-meta":"","header-above-stick-meta":"","header-main-stick-meta":"","header-below-stick-meta":"","astra-migrate-meta-layouts":"default","ast-page-background-enabled":"default","ast-page-background-meta":{"desktop":{"background-color":"var(--ast-global-color-4)","background-image":"","background-repeat":"repeat","background-position":"center center","background-size":"auto","background-attachment":"scroll","background-type":"","background-media":"","overlay-type":"","overlay-color":"","overlay-opacity":"","overlay-gradient":""},"tablet":{"background-color":"","background-image":"","background-repeat":"repeat","background-position":"center center","background-size":"auto","background-attachment":"scroll","background-type":"","background-media":"","overlay-type":"","overlay-color":"","overlay-opacity":"","overlay-gradient":""},"mobile":{"background-color":"","background-image":"","background-repeat":"repeat","background-position":"center center","background-size":"auto","background-attachment":"scroll","background-type":"","background-media":"","overlay-type":"","overlay-color":"","overlay-opacity":"","overlay-gradient":""}},"ast-content-background-meta":{"desktop":{"background-color":"var(--ast-global-color-5)","background-image":"","background-repeat":"repeat","background-position":"center center","background-size":"auto","background-attachment":"scroll","background-type":"","background-media":"","overlay-type":"","overlay-color":"","overlay-opacity":"","overlay-gradient":""},"tablet":{"background-color":"var(--ast-global-color-5)","background-image":"","background-repeat":"repeat","background-position":"center center","background-size":"auto","background-attachment":"scroll","background-type":"","background-media":"","overlay-type":"","overlay-color":"","overlay-opacity":"","overlay-gradient":""},"mobile":{"background-color":"var(--ast-global-color-5)","background-image":"","background-repeat":"repeat","background-position":"center center","background-size":"auto","background-attachment":"scroll","background-type":"","background-media":"","overlay-type":"","overlay-color":"","overlay-opacity":"","overlay-gradient":""}},"footnotes":""},"class_list":["post-4999","page","type-page","status-publish","hentry"],"uagb_featured_image_src":{"full":false,"thumbnail":false,"medium":false,"medium_large":false,"large":false,"1536x1536":false,"2048x2048":false},"uagb_author_info":{"display_name":"AdmMLP","author_link":"https:\/\/www.sustainablegastronomysummit.com\/?page_id=2629\/admmlp\/"},"uagb_comment_info":0,"uagb_excerpt":"Cooking Sustainably From seaweed farming to foraging wild plants and exploring new varieties of deep-sea fish to relieve pressure on overexploited species, this discussion shed light on how our choices as consumers can impact the future of food. \u201cHaute Gastronomy is only the tip of the iceberg,\u201d began Alain Ducasse, \u201cmillions of people eat out&hellip;","_links":{"self":[{"href":"https:\/\/www.sustainablegastronomysummit.com\/en\/wp-json\/wp\/v2\/pages\/4999","targetHints":{"allow":["GET"]}}],"collection":[{"href":"https:\/\/www.sustainablegastronomysummit.com\/en\/wp-json\/wp\/v2\/pages"}],"about":[{"href":"https:\/\/www.sustainablegastronomysummit.com\/en\/wp-json\/wp\/v2\/types\/page"}],"author":[{"embeddable":true,"href":"https:\/\/www.sustainablegastronomysummit.com\/en\/wp-json\/wp\/v2\/users\/1"}],"replies":[{"embeddable":true,"href":"https:\/\/www.sustainablegastronomysummit.com\/en\/wp-json\/wp\/v2\/comments?post=4999"}],"version-history":[{"count":6,"href":"https:\/\/www.sustainablegastronomysummit.com\/en\/wp-json\/wp\/v2\/pages\/4999\/revisions"}],"predecessor-version":[{"id":5067,"href":"https:\/\/www.sustainablegastronomysummit.com\/en\/wp-json\/wp\/v2\/pages\/4999\/revisions\/5067"}],"wp:attachment":[{"href":"https:\/\/www.sustainablegastronomysummit.com\/en\/wp-json\/wp\/v2\/media?parent=4999"}],"curies":[{"name":"wp","href":"https:\/\/api.w.org\/{rel}","templated":true}]}}